{"id":33,"date":"2020-07-09T16:18:58","date_gmt":"2020-07-09T16:18:58","guid":{"rendered":"http:\/\/oscarolivares.me\/?page_id=33"},"modified":"2020-07-13T05:05:24","modified_gmt":"2020-07-13T05:05:24","slug":"blog","status":"publish","type":"page","link":"https:\/\/oscarolivares.me\/?page_id=33","title":{"rendered":"BLOG"},"content":{"rendered":"<article id=\"post-1\">\n\t\t\t\t<a href=\"http:\/\/oscarolivares.me\/?p=1\"><br \/>\n\t\t\t\t\t<img decoding=\"async\" loading=\"lazy\" width=\"2560\" height=\"1707\" src=\"http:\/\/oscarolivares.me\/wp-content\/uploads\/2020\/07\/thomas-lefebvre-gp8BLyaTaA0-unsplash-scaled.jpg\" alt=\"\" srcset=\"http:\/\/oscarolivares.me\/wp-content\/uploads\/2020\/07\/thomas-lefebvre-gp8BLyaTaA0-unsplash-scaled.jpg 2560w, http:\/\/oscarolivares.me\/wp-content\/uploads\/2020\/07\/thomas-lefebvre-gp8BLyaTaA0-unsplash-300x200.jpg 300w\" sizes=\"(max-width: 2560px) 100vw, 2560px\" \/>\t\t\t\t<\/a><br \/>\n\t\t\t\tJuly 9, 2020<br \/>\n\t\t\t\t1 Comment<\/p>\n<h3>\n\t\t\t<a href=\"http:\/\/oscarolivares.me\/?p=1\">glog oscar<\/a><br \/>\n\t\t<\/h3>\n<p>kjvbk\u00f1jefvbjefkdjvbkedbdnckjvkjbnfkjvbe\u00f1fuljvbndck\u00f1jn hvgkcfhgvhjbkjnlkhjvghbkhjb<\/p>\n<p>\t\t                    \t\t<a href=\"http:\/\/oscarolivares.me\/?p=1\">Read More \u00bb<\/a><br \/>\n            <!-- .blog-inner --><br \/>\n        <\/article>\n","protected":false},"excerpt":{"rendered":"<p>July 9, 2020 1 Comment glog oscar kjvbk\u00f1jefvbjefkdjvbkedbdnckjvkjbnfkjvbe\u00f1fuljvbndck\u00f1jn hvgkcfhgvhjbkjnlkhjvghbkhjb Read More \u00bb<\/p>\n","protected":false},"author":1,"featured_media":0,"parent":0,"menu_order":0,"comment_status":"closed","ping_status":"closed","template":"page-templates\/page_fullwidth.php","meta":[],"_links":{"self":[{"href":"https:\/\/oscarolivares.me\/index.php?rest_route=\/wp\/v2\/pages\/33"}],"collection":[{"href":"https:\/\/oscarolivares.me\/index.php?rest_route=\/wp\/v2\/pages"}],"about":[{"href":"https:\/\/oscarolivares.me\/index.php?rest_route=\/wp\/v2\/types\/page"}],"author":[{"embeddable":true,"href":"https:\/\/oscarolivares.me\/index.php?rest_route=\/wp\/v2\/users\/1"}],"replies":[{"embeddable":true,"href":"https:\/\/oscarolivares.me\/index.php?rest_route=%2Fwp%2Fv2%2Fcomments&post=33"}],"version-history":[{"count":3,"href":"https:\/\/oscarolivares.me\/index.php?rest_route=\/wp\/v2\/pages\/33\/revisions"}],"predecessor-version":[{"id":84,"href":"https:\/\/oscarolivares.me\/index.php?rest_route=\/wp\/v2\/pages\/33\/revisions\/84"}],"wp:attachment":[{"href":"https:\/\/oscarolivares.me\/index.php?rest_route=%2Fwp%2Fv2%2Fmedia&parent=33"}],"curies":[{"name":"wp","href":"https:\/\/api.w.org\/{rel}","templated":true}]}}