{"id":2,"date":"2020-07-09T04:16:37","date_gmt":"2020-07-09T04:16:37","guid":{"rendered":"http:\/\/oscarolivares.me\/?page_id=2"},"modified":"2020-07-16T17:09:40","modified_gmt":"2020-07-16T17:09:40","slug":"sample-page","status":"publish","type":"page","link":"https:\/\/oscarolivares.me\/","title":{"rendered":"HOME"},"content":{"rendered":"<article id=\"post-87\">\n\t\t\t\t<a href=\"http:\/\/oscarolivares.me\/?p=87\"><br \/>\n\t\t\t\t\t<img decoding=\"async\" loading=\"lazy\" width=\"2560\" height=\"1920\" src=\"http:\/\/oscarolivares.me\/wp-content\/uploads\/2020\/07\/katerina-kerdi-yt1-v0TrOi8-unsplash-scaled.jpg\" alt=\"\" srcset=\"https:\/\/oscarolivares.me\/wp-content\/uploads\/2020\/07\/katerina-kerdi-yt1-v0TrOi8-unsplash-scaled.jpg 2560w, https:\/\/oscarolivares.me\/wp-content\/uploads\/2020\/07\/katerina-kerdi-yt1-v0TrOi8-unsplash-300x225.jpg 300w\" sizes=\"(max-width: 2560px) 100vw, 2560px\" \/>\t\t\t\t<\/a><\/p>\n<h3>\n\t\t\t<a href=\"http:\/\/oscarolivares.me\/?p=87\">CONFIANZA Y SEGURIDAD<\/a><br \/>\n\t\t<\/h3>\n<p>\t\t\t\tJuly 13, 2020<br \/>\n\t\t\t\tNo Comments<\/p>\n<p>Confianza y seguridad durante la presentaci\u00f3n de tu proyecto de inversi\u00f3n. La forma en que responde a las preguntas de los inversionistas potenciales, importa igual o m\u00e1s que lo que digas durante la presentaci\u00f3n misma. &nbsp; Cotidianamente tenemos consultas para dar ejemplos sobre preguntas y respuestas comunes que los inversores de capital de riesgo hacen&hellip;<\/p>\n<p>\t\t\t                \t\t<a href=\"http:\/\/oscarolivares.me\/?p=87\">Read More \u00bb<\/a><br \/>\n            <!-- .blog-inner --><br \/>\n        <\/article>\n<p>\t\t\t\t\t\t\t<a href=\"http:\/\/www.facebook.com\/oscarolivaresme\" target=\"_blank\" rel=\"noopener noreferrer\"><br \/>\n\t\t\t\t\tFacebook<br \/>\n\t\t\t\t\t\t\t\t\t<\/a><br \/>\n\t\t\t\t\t\t\t<a href=\"http:\/\/www.twitter.com\/oscarolivaresme\" target=\"_blank\" rel=\"noopener noreferrer\"><br \/>\n\t\t\t\t\tTwitter<br \/>\n\t\t\t\t\t\t\t\t\t<\/a><br \/>\n\t\t\t\t\t\t\t<a href=\"http:\/\/www.youtube.com\/oscarolivaresme\" target=\"_blank\" rel=\"noopener noreferrer\"><br \/>\n\t\t\t\t\tYoutube<br \/>\n\t\t\t\t\t\t\t\t\t<\/a><br \/>\n\t\t\t\t\t\t\t<a href=\"http:\/\/www.instagram.com\/oscarolivaresme\" target=\"_blank\" rel=\"noopener noreferrer\"><br \/>\n\t\t\t\t\tInstagram<br \/>\n\t\t\t\t\t\t\t\t\t<\/a><br \/>\n\t\t\t\t\t\t\t<a href=\"http:\/\/www.linkedin.com\/in\/oscarolivaresme\" target=\"_blank\" rel=\"noopener noreferrer\"><br \/>\n\t\t\t\t\tLinkedin<br \/>\n\t\t\t\t\t\t\t\t\t<\/a><\/p>\n","protected":false},"excerpt":{"rendered":"<p>CONFIANZA Y SEGURIDAD July 13, 2020 No Comments Confianza y seguridad durante la presentaci\u00f3n de tu proyecto de inversi\u00f3n. La forma en que responde a las preguntas de los inversionistas potenciales, importa igual o m\u00e1s que lo que digas durante la presentaci\u00f3n misma. &nbsp; Cotidianamente tenemos consultas para dar ejemplos sobre preguntas y respuestas comunes [&hellip;]<\/p>\n","protected":false},"author":1,"featured_media":0,"parent":0,"menu_order":0,"comment_status":"closed","ping_status":"closed","template":"page-templates\/page_fullwidth.php","meta":[],"_links":{"self":[{"href":"https:\/\/oscarolivares.me\/index.php?rest_route=\/wp\/v2\/pages\/2"}],"collection":[{"href":"https:\/\/oscarolivares.me\/index.php?rest_route=\/wp\/v2\/pages"}],"about":[{"href":"https:\/\/oscarolivares.me\/index.php?rest_route=\/wp\/v2\/types\/page"}],"author":[{"embeddable":true,"href":"https:\/\/oscarolivares.me\/index.php?rest_route=\/wp\/v2\/users\/1"}],"replies":[{"embeddable":true,"href":"https:\/\/oscarolivares.me\/index.php?rest_route=%2Fwp%2Fv2%2Fcomments&post=2"}],"version-history":[{"count":11,"href":"https:\/\/oscarolivares.me\/index.php?rest_route=\/wp\/v2\/pages\/2\/revisions"}],"predecessor-version":[{"id":127,"href":"https:\/\/oscarolivares.me\/index.php?rest_route=\/wp\/v2\/pages\/2\/revisions\/127"}],"wp:attachment":[{"href":"https:\/\/oscarolivares.me\/index.php?rest_route=%2Fwp%2Fv2%2Fmedia&parent=2"}],"curies":[{"name":"wp","href":"https:\/\/api.w.org\/{rel}","templated":true}]}}